{"id":760,"date":"2020-03-05T15:54:27","date_gmt":"2020-03-05T14:54:27","guid":{"rendered":"https:\/\/www.eriksroed.com\/?page_id=760"},"modified":"2020-03-09T16:27:13","modified_gmt":"2020-03-09T15:27:13","slug":"datenschutzerklaerung","status":"publish","type":"page","link":"https:\/\/www.eriksroed.com\/de\/datenschutzerklaerung\/","title":{"rendered":"Datenschutzerkl\u00e4rung"},"content":{"rendered":"<p>Der Schutz Ihrer pers\u00f6nlichen Daten ist uns ein besonderes Anliegen. Wir verarbeiten Ihre Daten daher ausschlie\u00dflich auf Grundlage der gesetzlichen Bestimmungen (DSGVO, TKG 2003). In diesen Datenschutzinformationen informieren wir Sie \u00fcber die wichtigsten Aspekte der Datenverarbeitung im Rahmen unserer Website.<\/p>\n<h2>Kontakt mit uns<\/h2>\n<p>Wenn Sie per Formular auf der Website oder per E-Mail Kontakt mit uns aufnehmen, werden Ihre angegebenen Daten zwecks Bearbeitung der Anfrage und f\u00fcr den Fall von Anschlussfragen sechs Monate bei uns gespeichert. Diese Daten geben wir nicht ohne Ihre Einwilligung weiter.<\/p>\n<h2>Cookies<\/h2>\n<p>Unsere Website verwendet so genannte Cookies. Dabei handelt es sich um kleine Textdateien, die mit Hilfe des Browsers auf Ihrem Endger\u00e4t abgelegt werden. Sie richten keinen Schaden an.<\/p>\n<p>Wir nutzen Cookies dazu, unser Angebot nutzerfreundlich zu gestalten. Einige Cookies bleiben auf Ihrem Endger\u00e4t gespeichert, bis Sie diese l\u00f6schen. Sie erm\u00f6glichen es uns, Ihren Browser beim n\u00e4chsten Besuch wiederzuerkennen.<\/p>\n<p>Wenn Sie dies nicht w\u00fcnschen, so k\u00f6nnen Sie Ihren Browser so einrichten, dass er Sie \u00fcber das Setzen von Cookies informiert und Sie dies nur im Einzelfall erlauben.<\/p>\n<p>Bei der Deaktivierung von Cookies kann die Funktionalit\u00e4t unserer Website eingeschr\u00e4nkt sein.<\/p>\n<p><span class=\"code-example\"><span class=\"borlabs-cookie-open-dialog-preferences brlbs-cmpnt-container\" data-borlabs-cookie-title=\"Cookie Einstellungen \u00e4ndern\" data-borlabs-cookie-type=\"button\" ><\/span><\/span><\/p>\n<h2>Web-Analyse<\/h2>\n<p>Unsere Website verwendet Funktionen des Webanalysedienstes Google Analytics. Anbieter ist die <em>Google Ireland Limited, Gordon House, Barrow Street, Dublin 4, Irland. <\/em>Dazu werden Cookies verwendet, die eine Analyse der Benutzung der Website durch Ihre Benutzer erm\u00f6glicht. Die dadurch erzeugten Informationen werden auf den Server des Anbieters \u00fcbertragen und dort gespeichert.<\/p>\n<p>Sie k\u00f6nnen dies verhindern, indem Sie Ihren Browser so einrichten, dass keine Cookies gespeichert werden.<\/p>\n<p>Wir haben mit dem Anbieter einen entsprechenden Vertrag zur Auftragsdatenverarbeitung abgeschlossen.<\/p>\n<p>Ihre IP-Adresse wird erfasst, aber umgehend (z.B. durch L\u00f6schung der letzten 8 Bit) pseudonymisiert. Dadurch ist nur mehr eine grobe Lokalisierung m\u00f6glich.<\/p>\n<p>Die Beziehung zum Webanalyseanbieter basiert auf <em>\u201ePrivacy Shield\u201c.<\/em><\/p>\n<p>Die Datenverarbeitung erfolgt auf Basis der gesetzlichen Bestimmungen des \u00a7 96 Abs 3 TKG sowie des Art 6 Abs 1 lit a (Einwilligung) und\/oder f (berechtigtes Interesse) der DSGVO.<\/p>\n<p>Unser Anliegen im Sinne der DSGVO (berechtigtes Interesse) ist die Verbesserung unseres Angebotes und unseres Webauftritts. Da uns die Privatsph\u00e4re unserer Nutzer wichtig ist, werden die Nutzerdaten pseudonymisiert.<\/p>\n<p>Mehr Informationen zum Umgang mit Nutzerdaten bei Google Analytics finden Sie in der Datenschutzerkl\u00e4rung von Google:\u00a0<a href=\"https:\/\/support.google.com\/analytics\/answer\/6004245?hl=de\">https:\/\/support.google.com\/analytics\/answer\/6004245?hl=de<\/a><\/p>\n<p>Sie k\u00f6nnen die Erfassung der durch das Cookie erzeugten und auf Ihre Nutzung der Website bezogenen Daten an Google sowie die Verarbeitung dieser Daten durch Google verhindern, indem Sie das unter dem folgenden Link verf\u00fcgbare Browser-Plugin herunterladen und installieren:\u00a0<a href=\"https:\/\/tools.google.com\/dlpage\/gaoptout?hl=de\">https:\/\/tools.google.com\/dlpage\/gaoptout?hl=de<\/a><\/p>\n<p>Alternativ k\u00f6nnen Sie die Erfassung Ihrer Daten durch Google Analytics verhindern, indem Sie auf folgenden Link klicken. Es wird ein Opt-Out-Cookie gesetzt, das die Erfassung Ihrer Daten bei zuk\u00fcnftigen Besuchen dieser Website verhindert.<\/p>\n<p><span class=\"code-example\"><span class=\"borlabs-cookie-open-dialog-preferences brlbs-cmpnt-container\" data-borlabs-cookie-title=\"Cookie Einstellungen \u00e4ndern\" data-borlabs-cookie-type=\"button\" ><\/span><\/span><\/p>\n<h2>Remarketing- oder \u201e\u00c4hnliche Zielgruppen\u201c-Funktion von Google.<\/h2>\n<p>Der Anbieter verwendet auf der Webseite die Remarketing- oder \u201e\u00c4hnliche Zielgruppen\u201c- Funktion von (\u201eGoogle\u201c). Mittels dieser Funktion kann der Anbieter die Besucher der Webseite zielgerichtet mit Werbung ansprechen, indem f\u00fcr Besucher der Webseite des Anbieters personalisierte, interessenbezogene Werbung-Anzeigen geschaltet werden, wenn sie andere Webseiten im Google Display-Netzwerk besuchen. Zur Durchf\u00fchrung der Analyse der Webseiten- Nutzung, welche die Grundlage f\u00fcr die Erstellung der interessenbezogenen Werbeanzeigen bildet, setzt Google Cookies ein. Hierzu speichert Google eine kleine Datei mit einer Zahlenfolge in den Browsern der Besucher der Webseite. \u00dcber diese Zahl werden die Besuche der Webseite sowie anonymisierte Daten \u00fcber die Nutzung der Webseite erfasst. Es erfolgt keine Speicherung von personenbezogenen Daten der Besucher der Webseite. Besuchen Sie nachfolgend eine andere Webseite im Google Display-Netzwerk werden Ihnen Werbeeinblendungen angezeigt, die mit hoher Wahrscheinlichkeit zuvor aufgerufene Produkt- und Informationsbereiche ber\u00fccksichtigen. Sie k\u00f6nnen die Verwendung von Cookies durch Google dauerhaft deaktivieren, indem Sie dem nachfolgenden Link folgen und das dort bereitgestellte Plug-In herunterladen und installieren: https:\/\/www.google.com\/settings\/ads\/plugin. Alternativ k\u00f6nnen Sie die Verwendung von Cookies durch Drittanbieter deaktivieren, indem sie die Deaktivierungsseite der Netzwerkwerbeinitiative (Network Advertising Initiative) unter http:\/\/www.networkadvertising.org\/choices\/ aufrufen und die dort genannten weiterf\u00fchrenden Information zum Opt-Out umsetzen. Weiterf\u00fchrende Informationen zu Google Remarketing sowie die Datenschutzerkl\u00e4rung von Google k\u00f6nnen Sie einsehen unter: <a href=\"http:\/\/www.google.com\/privacy\/ads\/\">http:\/\/www.google.com\/privacy\/ads\/<\/a><\/p>\n<h2>Ihre Rechte<\/h2>\n<p>Ihnen stehen grunds\u00e4tzlich die Rechte auf Auskunft, Berichtigung, L\u00f6schung, Einschr\u00e4nkung, Daten\u00fcbertragbarkeit, Widerruf und Widerspruch zu. Wenn Sie glauben, dass die Verarbeitung Ihrer Daten gegen das Datenschutzrecht verst\u00f6\u00dft oder Ihre datenschutzrechtlichen Anspr\u00fcche sonst in einer Weise verletzt worden sind, k\u00f6nnen Sie sich bei der Aufsichtsbeh\u00f6rde beschweren. In \u00d6sterreich ist dies die Datenschutzbeh\u00f6rde.<\/p>\n<h2>Sie erreichen uns unter folgenden Kontaktdaten<\/h2>\n<p><em>Eriksroed Consulting e.U.<\/em><\/p>\n<div class=\"vcard__left\">\n<div class=\"street-address\"><em>Goldbergsiedlung 9a<\/em><\/div>\n<p><em><span class=\"postal-code\">2440<\/span> <span class=\"locality\">Reisenberg<\/span><\/em><\/p>\n<\/div>\n<p><em><strong>Telefon:<\/strong> +43 (0) 699\/\u00a018191151<br \/>\n<strong>E-Mail: <\/strong><a title=\"office@eriksroed.com\" href=\"mailto:office@eriksroed.com\" target=\"_blank\" rel=\"noopener noreferrer\">office@eriksroed.com<\/a><\/em><\/p>\n","protected":false},"excerpt":{"rendered":"<p>Der Schutz Ihrer pers\u00f6nlichen Daten ist uns ein besonderes Anliegen. Wir verarbeiten Ihre Daten daher ausschlie\u00dflich auf Grundlage der gesetzlichen Bestimmungen (DSGVO, TKG 2003). In diesen Datenschutzinformationen informieren wir Sie \u00fcber die wichtigsten Aspekte der Datenverarbeitung im Rahmen unserer Website. Kontakt mit uns Wenn Sie per Formular auf der Website oder per E-Mail Kontakt mit [&hellip;]<\/p>\n","protected":false},"author":4,"featured_media":802,"parent":0,"menu_order":0,"comment_status":"closed","ping_status":"closed","template":"","meta":{"footnotes":""},"class_list":["post-760","page","type-page","status-publish","has-post-thumbnail","hentry"],"yoast_head":"<!-- This site is optimized with the Yoast SEO plugin v26.8 - https:\/\/yoast.com\/product\/yoast-seo-wordpress\/ -->\n<title>Datenschutzerkl\u00e4rung | Eriksroed Consulting e.U.<\/title>\n<meta name=\"robots\" content=\"index, follow, max-snippet:-1, max-image-preview:large, max-video-preview:-1\" \/>\n<link rel=\"canonical\" href=\"https:\/\/www.eriksroed.com\/de\/datenschutzerklaerung\/\" \/>\n<meta property=\"og:locale\" content=\"de_DE\" \/>\n<meta property=\"og:type\" content=\"article\" \/>\n<meta property=\"og:title\" content=\"Datenschutzerkl\u00e4rung | Eriksroed Consulting e.U.\" \/>\n<meta property=\"og:description\" content=\"Der Schutz Ihrer pers\u00f6nlichen Daten ist uns ein besonderes Anliegen. Wir verarbeiten Ihre Daten daher ausschlie\u00dflich auf Grundlage der gesetzlichen Bestimmungen (DSGVO, TKG 2003). In diesen Datenschutzinformationen informieren wir Sie \u00fcber die wichtigsten Aspekte der Datenverarbeitung im Rahmen unserer Website. Kontakt mit uns Wenn Sie per Formular auf der Website oder per E-Mail Kontakt mit [&hellip;]\" \/>\n<meta property=\"og:url\" content=\"https:\/\/www.eriksroed.com\/de\/datenschutzerklaerung\/\" \/>\n<meta property=\"og:site_name\" content=\"Eriksroed Consulting e.U.\" \/>\n<meta property=\"article:modified_time\" content=\"2020-03-09T15:27:13+00:00\" \/>\n<meta property=\"og:image\" content=\"https:\/\/www.eriksroed.com\/cms\/wp-content\/uploads\/2020\/03\/logo.png\" \/>\n\t<meta property=\"og:image:width\" content=\"277\" \/>\n\t<meta property=\"og:image:height\" content=\"277\" \/>\n\t<meta property=\"og:image:type\" content=\"image\/png\" \/>\n<meta name=\"twitter:card\" content=\"summary_large_image\" \/>\n<meta name=\"twitter:label1\" content=\"Gesch\u00e4tzte Lesezeit\" \/>\n\t<meta name=\"twitter:data1\" content=\"4\u00a0Minuten\" \/>\n<script type=\"application\/ld+json\" class=\"yoast-schema-graph\">{\"@context\":\"https:\/\/schema.org\",\"@graph\":[{\"@type\":\"WebPage\",\"@id\":\"https:\/\/www.eriksroed.com\/de\/datenschutzerklaerung\/\",\"url\":\"https:\/\/www.eriksroed.com\/de\/datenschutzerklaerung\/\",\"name\":\"Datenschutzerkl\u00e4rung | Eriksroed Consulting e.U.\",\"isPartOf\":{\"@id\":\"https:\/\/www.eriksroed.com\/#website\"},\"primaryImageOfPage\":{\"@id\":\"https:\/\/www.eriksroed.com\/de\/datenschutzerklaerung\/#primaryimage\"},\"image\":{\"@id\":\"https:\/\/www.eriksroed.com\/de\/datenschutzerklaerung\/#primaryimage\"},\"thumbnailUrl\":\"https:\/\/www.eriksroed.com\/cms\/wp-content\/uploads\/2020\/03\/logo.png\",\"datePublished\":\"2020-03-05T14:54:27+00:00\",\"dateModified\":\"2020-03-09T15:27:13+00:00\",\"breadcrumb\":{\"@id\":\"https:\/\/www.eriksroed.com\/de\/datenschutzerklaerung\/#breadcrumb\"},\"inLanguage\":\"de\",\"potentialAction\":[{\"@type\":\"ReadAction\",\"target\":[\"https:\/\/www.eriksroed.com\/de\/datenschutzerklaerung\/\"]}]},{\"@type\":\"ImageObject\",\"inLanguage\":\"de\",\"@id\":\"https:\/\/www.eriksroed.com\/de\/datenschutzerklaerung\/#primaryimage\",\"url\":\"https:\/\/www.eriksroed.com\/cms\/wp-content\/uploads\/2020\/03\/logo.png\",\"contentUrl\":\"https:\/\/www.eriksroed.com\/cms\/wp-content\/uploads\/2020\/03\/logo.png\",\"width\":277,\"height\":277},{\"@type\":\"BreadcrumbList\",\"@id\":\"https:\/\/www.eriksroed.com\/de\/datenschutzerklaerung\/#breadcrumb\",\"itemListElement\":[{\"@type\":\"ListItem\",\"position\":1,\"name\":\"Home\",\"item\":\"https:\/\/www.eriksroed.com\/de\/\"},{\"@type\":\"ListItem\",\"position\":2,\"name\":\"Datenschutzerkl\u00e4rung\"}]},{\"@type\":\"WebSite\",\"@id\":\"https:\/\/www.eriksroed.com\/#website\",\"url\":\"https:\/\/www.eriksroed.com\/\",\"name\":\"Eriksroed Consulting e.U.\",\"description\":\"Think straight, Talk straight\",\"potentialAction\":[{\"@type\":\"SearchAction\",\"target\":{\"@type\":\"EntryPoint\",\"urlTemplate\":\"https:\/\/www.eriksroed.com\/?s={search_term_string}\"},\"query-input\":{\"@type\":\"PropertyValueSpecification\",\"valueRequired\":true,\"valueName\":\"search_term_string\"}}],\"inLanguage\":\"de\"}]}<\/script>\n<!-- \/ Yoast SEO plugin. -->","yoast_head_json":{"title":"Datenschutzerkl\u00e4rung | Eriksroed Consulting e.U.","robots":{"index":"index","follow":"follow","max-snippet":"max-snippet:-1","max-image-preview":"max-image-preview:large","max-video-preview":"max-video-preview:-1"},"canonical":"https:\/\/www.eriksroed.com\/de\/datenschutzerklaerung\/","og_locale":"de_DE","og_type":"article","og_title":"Datenschutzerkl\u00e4rung | Eriksroed Consulting e.U.","og_description":"Der Schutz Ihrer pers\u00f6nlichen Daten ist uns ein besonderes Anliegen. Wir verarbeiten Ihre Daten daher ausschlie\u00dflich auf Grundlage der gesetzlichen Bestimmungen (DSGVO, TKG 2003). In diesen Datenschutzinformationen informieren wir Sie \u00fcber die wichtigsten Aspekte der Datenverarbeitung im Rahmen unserer Website. Kontakt mit uns Wenn Sie per Formular auf der Website oder per E-Mail Kontakt mit [&hellip;]","og_url":"https:\/\/www.eriksroed.com\/de\/datenschutzerklaerung\/","og_site_name":"Eriksroed Consulting e.U.","article_modified_time":"2020-03-09T15:27:13+00:00","og_image":[{"width":277,"height":277,"url":"https:\/\/www.eriksroed.com\/cms\/wp-content\/uploads\/2020\/03\/logo.png","type":"image\/png"}],"twitter_card":"summary_large_image","twitter_misc":{"Gesch\u00e4tzte Lesezeit":"4\u00a0Minuten"},"schema":{"@context":"https:\/\/schema.org","@graph":[{"@type":"WebPage","@id":"https:\/\/www.eriksroed.com\/de\/datenschutzerklaerung\/","url":"https:\/\/www.eriksroed.com\/de\/datenschutzerklaerung\/","name":"Datenschutzerkl\u00e4rung | Eriksroed Consulting e.U.","isPartOf":{"@id":"https:\/\/www.eriksroed.com\/#website"},"primaryImageOfPage":{"@id":"https:\/\/www.eriksroed.com\/de\/datenschutzerklaerung\/#primaryimage"},"image":{"@id":"https:\/\/www.eriksroed.com\/de\/datenschutzerklaerung\/#primaryimage"},"thumbnailUrl":"https:\/\/www.eriksroed.com\/cms\/wp-content\/uploads\/2020\/03\/logo.png","datePublished":"2020-03-05T14:54:27+00:00","dateModified":"2020-03-09T15:27:13+00:00","breadcrumb":{"@id":"https:\/\/www.eriksroed.com\/de\/datenschutzerklaerung\/#breadcrumb"},"inLanguage":"de","potentialAction":[{"@type":"ReadAction","target":["https:\/\/www.eriksroed.com\/de\/datenschutzerklaerung\/"]}]},{"@type":"ImageObject","inLanguage":"de","@id":"https:\/\/www.eriksroed.com\/de\/datenschutzerklaerung\/#primaryimage","url":"https:\/\/www.eriksroed.com\/cms\/wp-content\/uploads\/2020\/03\/logo.png","contentUrl":"https:\/\/www.eriksroed.com\/cms\/wp-content\/uploads\/2020\/03\/logo.png","width":277,"height":277},{"@type":"BreadcrumbList","@id":"https:\/\/www.eriksroed.com\/de\/datenschutzerklaerung\/#breadcrumb","itemListElement":[{"@type":"ListItem","position":1,"name":"Home","item":"https:\/\/www.eriksroed.com\/de\/"},{"@type":"ListItem","position":2,"name":"Datenschutzerkl\u00e4rung"}]},{"@type":"WebSite","@id":"https:\/\/www.eriksroed.com\/#website","url":"https:\/\/www.eriksroed.com\/","name":"Eriksroed Consulting e.U.","description":"Think straight, Talk straight","potentialAction":[{"@type":"SearchAction","target":{"@type":"EntryPoint","urlTemplate":"https:\/\/www.eriksroed.com\/?s={search_term_string}"},"query-input":{"@type":"PropertyValueSpecification","valueRequired":true,"valueName":"search_term_string"}}],"inLanguage":"de"}]}},"_links":{"self":[{"href":"https:\/\/www.eriksroed.com\/de\/wp-json\/wp\/v2\/pages\/760","targetHints":{"allow":["GET"]}}],"collection":[{"href":"https:\/\/www.eriksroed.com\/de\/wp-json\/wp\/v2\/pages"}],"about":[{"href":"https:\/\/www.eriksroed.com\/de\/wp-json\/wp\/v2\/types\/page"}],"author":[{"embeddable":true,"href":"https:\/\/www.eriksroed.com\/de\/wp-json\/wp\/v2\/users\/4"}],"replies":[{"embeddable":true,"href":"https:\/\/www.eriksroed.com\/de\/wp-json\/wp\/v2\/comments?post=760"}],"version-history":[{"count":4,"href":"https:\/\/www.eriksroed.com\/de\/wp-json\/wp\/v2\/pages\/760\/revisions"}],"predecessor-version":[{"id":842,"href":"https:\/\/www.eriksroed.com\/de\/wp-json\/wp\/v2\/pages\/760\/revisions\/842"}],"wp:featuredmedia":[{"embeddable":true,"href":"https:\/\/www.eriksroed.com\/de\/wp-json\/wp\/v2\/media\/802"}],"wp:attachment":[{"href":"https:\/\/www.eriksroed.com\/de\/wp-json\/wp\/v2\/media?parent=760"}],"curies":[{"name":"wp","href":"https:\/\/api.w.org\/{rel}","templated":true}]}}