{"id":7,"date":"2011-02-07T13:34:29","date_gmt":"2011-02-07T12:34:29","guid":{"rendered":"http:\/\/www.eriksroed.com\/cms\/"},"modified":"2025-02-24T20:57:17","modified_gmt":"2025-02-24T19:57:17","slug":"services","status":"publish","type":"page","link":"https:\/\/www.eriksroed.com\/de\/services\/","title":{"rendered":"Services"},"content":{"rendered":"<section  class='av_textblock_section av-kaf34i2m-360300bdb9ed3986fecaee500e60f693 '   itemscope=\"itemscope\" itemtype=\"https:\/\/schema.org\/CreativeWork\" ><div class='avia_textblock'  itemprop=\"text\" ><p>Eriksroed Consulting stellt seinen Kunden Erfahrung und Spezialwissen aus den verschiedensten Bereichen zur Verf\u00fcgung<\/p>\n<ul>\n<li><a href=\"https:\/\/www.eriksroed.com\/de\/maut\/\" target=\"_blank\" rel=\"noopener\">Mauteinhebung<\/a><\/li>\n<li>Zahlungsverkehr<\/li>\n<li>Prozessoptimierung- und Design<\/li>\n<li>Projektmanagement<\/li>\n<li>Controlling<\/li>\n<\/ul>\n<h2>Zahlungsverkehr<\/h2>\n<p>Zahlungsverkehr ist mehr als die \u00dcberweisung zwischen zwei Bankkonten! Der Beratungsschwerpunkt von Eriksroed Consulting ist die kartenbasierte Zahlungsabwicklung. Die Akzeptanz von Debit- und Kreditkarten, Flottenkarten und Kundenkarten kann entscheidend f\u00fcr die Gesch\u00e4ftsentwicklung, aber leider auch ein ungeplanter Kostenfaktor sein. Ebenso k\u00f6nnen unerw\u00fcnschte Abh\u00e4ngigkeiten von den Kreditkartenorganisationen oder anderen Lieferanten im Zahlungsverkehr entstehen. Eriksroed Consulting unterst\u00fctzt seine Kunden dabei, die richtigen L\u00f6sungen zu finden und umzusetzen. Bei Bedarf kann auch die technische Infrastruktur \u2013 Kartenterminals und weitere Komponenten \u2013 in Zusammenarbeit mit unseren Partnern angeboten werden.<\/p>\n<div id=\"attachment_307\" style=\"width: 985px\" class=\"wp-caption alignleft\"><a href=\"http:\/\/www.eriksroed.com\/data\/2014\/07\/CardPhoto3-WebFormat.jpg\"><img loading=\"lazy\" decoding=\"async\" aria-describedby=\"caption-attachment-307\" class=\"wp-image-307 size-full\" src=\"http:\/\/www.eriksroed.com\/data\/2014\/07\/CardPhoto3-WebFormat.jpg\" alt=\"CardPhoto3-WebFormat\" width=\"975\" height=\"216\" srcset=\"https:\/\/www.eriksroed.com\/cms\/wp-content\/uploads\/2014\/07\/CardPhoto3-WebFormat.jpg 975w, https:\/\/www.eriksroed.com\/cms\/wp-content\/uploads\/2014\/07\/CardPhoto3-WebFormat-400x88.jpg 400w, https:\/\/www.eriksroed.com\/cms\/wp-content\/uploads\/2014\/07\/CardPhoto3-WebFormat-800x177.jpg 800w\" sizes=\"auto, (max-width: 975px) 100vw, 975px\" \/><\/a><p id=\"caption-attachment-307\" class=\"wp-caption-text\">(\u00a9 Eriksroed Consulting)<\/p><\/div>\n<h2>\u00a0Prozessoptimierung- und Design<\/h2>\n<p>Eriksroed Consulting kann dabei helfen, Schwachstellen der administrativen Prozesse zu beseitigen.<\/p>\n<ul>\n<li>\u201eVerschwinden\u201c Eingangsrechnungen irgendwo in Ihrer Organisation?<\/li>\n<li>Ist der Monatsbericht unbrauchbar f\u00fcr die Steuerung des Unternehmens?<\/li>\n<\/ul>\n<p>Eriksroed Consulting kann solche Fragen mit der n\u00f6tigen Distanz analysieren. Oft sind einfache \u00c4nderungen ausreichend, um deutliche Verbesserungen zu erzielen. Falls umfangreichere Ma\u00dfnahmen erforderlich sind, hat Eriksroed Consulting auch die Erfahrung, diese entsprechend zu begleiten oder projektorientiert umzusetzen.<\/p>\n<h2>Projektmanagement<\/h2>\n<p>Eriksroed Consulting bietet \u00fcber 20 Jahre Erfahrung in der Projektarbeit aus gro\u00dfen und kleinen Projekten. Je nach Verf\u00fcgbarkeit anderer Ressourcen werden verschiedene Rollen in einem Projekt \u00fcbernommen.<\/p>\n<ul>\n<li>Projektmanagement<\/li>\n<li>Fachliche Beratung<\/li>\n<li>Koordination und Kommunikation zwischen Fachabteilungen und IT-Organisation<\/li>\n<li>Qualit\u00e4tssicherung<\/li>\n<\/ul>\n<p>Eriksroed Consulting unterst\u00fctzt seine Kunden w\u00e4hrend des gesamten Projektzyklus, von der Idee bis zur Inbetriebnahme.<\/p>\n<\/div><\/section>\n","protected":false},"excerpt":{"rendered":"","protected":false},"author":4,"featured_media":269,"parent":0,"menu_order":3,"comment_status":"closed","ping_status":"closed","template":"","meta":{"footnotes":""},"class_list":["post-7","page","type-page","status-publish","has-post-thumbnail","hentry"],"yoast_head":"<!-- This site is optimized with the Yoast SEO plugin v27.4 - https:\/\/yoast.com\/product\/yoast-seo-wordpress\/ -->\n<title>Services | Eriksroed Consulting e.U.<\/title>\n<meta name=\"robots\" content=\"index, follow, max-snippet:-1, max-image-preview:large, max-video-preview:-1\" \/>\n<link rel=\"canonical\" href=\"https:\/\/www.eriksroed.com\/de\/services\/\" \/>\n<meta property=\"og:locale\" content=\"de_DE\" \/>\n<meta property=\"og:type\" content=\"article\" \/>\n<meta property=\"og:title\" content=\"Services | Eriksroed Consulting e.U.\" \/>\n<meta property=\"og:url\" content=\"https:\/\/www.eriksroed.com\/de\/services\/\" \/>\n<meta property=\"og:site_name\" content=\"Eriksroed Consulting e.U.\" \/>\n<meta property=\"article:modified_time\" content=\"2025-02-24T19:57:17+00:00\" \/>\n<meta property=\"og:image\" content=\"https:\/\/www.eriksroed.com\/cms\/wp-content\/uploads\/2014\/07\/Bankkarten_Etui-v2.jpg\" \/>\n\t<meta property=\"og:image:width\" content=\"1300\" \/>\n\t<meta property=\"og:image:height\" content=\"866\" \/>\n\t<meta property=\"og:image:type\" content=\"image\/jpeg\" \/>\n<meta name=\"twitter:card\" content=\"summary_large_image\" \/>\n<meta name=\"twitter:label1\" content=\"Gesch\u00e4tzte Lesezeit\" \/>\n\t<meta name=\"twitter:data1\" content=\"2\u00a0Minuten\" \/>\n<script type=\"application\/ld+json\" class=\"yoast-schema-graph\">{\"@context\":\"https:\\\/\\\/schema.org\",\"@graph\":[{\"@type\":\"WebPage\",\"@id\":\"https:\\\/\\\/www.eriksroed.com\\\/de\\\/services\\\/\",\"url\":\"https:\\\/\\\/www.eriksroed.com\\\/de\\\/services\\\/\",\"name\":\"Services | Eriksroed Consulting e.U.\",\"isPartOf\":{\"@id\":\"https:\\\/\\\/www.eriksroed.com\\\/#website\"},\"primaryImageOfPage\":{\"@id\":\"https:\\\/\\\/www.eriksroed.com\\\/de\\\/services\\\/#primaryimage\"},\"image\":{\"@id\":\"https:\\\/\\\/www.eriksroed.com\\\/de\\\/services\\\/#primaryimage\"},\"thumbnailUrl\":\"https:\\\/\\\/www.eriksroed.com\\\/cms\\\/wp-content\\\/uploads\\\/2014\\\/07\\\/Bankkarten_Etui-v2.jpg\",\"datePublished\":\"2011-02-07T12:34:29+00:00\",\"dateModified\":\"2025-02-24T19:57:17+00:00\",\"breadcrumb\":{\"@id\":\"https:\\\/\\\/www.eriksroed.com\\\/de\\\/services\\\/#breadcrumb\"},\"inLanguage\":\"de\",\"potentialAction\":[{\"@type\":\"ReadAction\",\"target\":[\"https:\\\/\\\/www.eriksroed.com\\\/de\\\/services\\\/\"]}]},{\"@type\":\"ImageObject\",\"inLanguage\":\"de\",\"@id\":\"https:\\\/\\\/www.eriksroed.com\\\/de\\\/services\\\/#primaryimage\",\"url\":\"https:\\\/\\\/www.eriksroed.com\\\/cms\\\/wp-content\\\/uploads\\\/2014\\\/07\\\/Bankkarten_Etui-v2.jpg\",\"contentUrl\":\"https:\\\/\\\/www.eriksroed.com\\\/cms\\\/wp-content\\\/uploads\\\/2014\\\/07\\\/Bankkarten_Etui-v2.jpg\",\"width\":1300,\"height\":866},{\"@type\":\"BreadcrumbList\",\"@id\":\"https:\\\/\\\/www.eriksroed.com\\\/de\\\/services\\\/#breadcrumb\",\"itemListElement\":[{\"@type\":\"ListItem\",\"position\":1,\"name\":\"Home\",\"item\":\"https:\\\/\\\/www.eriksroed.com\\\/de\\\/\"},{\"@type\":\"ListItem\",\"position\":2,\"name\":\"Services\"}]},{\"@type\":\"WebSite\",\"@id\":\"https:\\\/\\\/www.eriksroed.com\\\/#website\",\"url\":\"https:\\\/\\\/www.eriksroed.com\\\/\",\"name\":\"Eriksroed Consulting e.U.\",\"description\":\"Think straight, Talk straight\",\"potentialAction\":[{\"@type\":\"SearchAction\",\"target\":{\"@type\":\"EntryPoint\",\"urlTemplate\":\"https:\\\/\\\/www.eriksroed.com\\\/?s={search_term_string}\"},\"query-input\":{\"@type\":\"PropertyValueSpecification\",\"valueRequired\":true,\"valueName\":\"search_term_string\"}}],\"inLanguage\":\"de\"}]}<\/script>\n<!-- \/ Yoast SEO plugin. -->","yoast_head_json":{"title":"Services | Eriksroed Consulting e.U.","robots":{"index":"index","follow":"follow","max-snippet":"max-snippet:-1","max-image-preview":"max-image-preview:large","max-video-preview":"max-video-preview:-1"},"canonical":"https:\/\/www.eriksroed.com\/de\/services\/","og_locale":"de_DE","og_type":"article","og_title":"Services | Eriksroed Consulting e.U.","og_url":"https:\/\/www.eriksroed.com\/de\/services\/","og_site_name":"Eriksroed Consulting e.U.","article_modified_time":"2025-02-24T19:57:17+00:00","og_image":[{"width":1300,"height":866,"url":"https:\/\/www.eriksroed.com\/cms\/wp-content\/uploads\/2014\/07\/Bankkarten_Etui-v2.jpg","type":"image\/jpeg"}],"twitter_card":"summary_large_image","twitter_misc":{"Gesch\u00e4tzte Lesezeit":"2\u00a0Minuten"},"schema":{"@context":"https:\/\/schema.org","@graph":[{"@type":"WebPage","@id":"https:\/\/www.eriksroed.com\/de\/services\/","url":"https:\/\/www.eriksroed.com\/de\/services\/","name":"Services | Eriksroed Consulting e.U.","isPartOf":{"@id":"https:\/\/www.eriksroed.com\/#website"},"primaryImageOfPage":{"@id":"https:\/\/www.eriksroed.com\/de\/services\/#primaryimage"},"image":{"@id":"https:\/\/www.eriksroed.com\/de\/services\/#primaryimage"},"thumbnailUrl":"https:\/\/www.eriksroed.com\/cms\/wp-content\/uploads\/2014\/07\/Bankkarten_Etui-v2.jpg","datePublished":"2011-02-07T12:34:29+00:00","dateModified":"2025-02-24T19:57:17+00:00","breadcrumb":{"@id":"https:\/\/www.eriksroed.com\/de\/services\/#breadcrumb"},"inLanguage":"de","potentialAction":[{"@type":"ReadAction","target":["https:\/\/www.eriksroed.com\/de\/services\/"]}]},{"@type":"ImageObject","inLanguage":"de","@id":"https:\/\/www.eriksroed.com\/de\/services\/#primaryimage","url":"https:\/\/www.eriksroed.com\/cms\/wp-content\/uploads\/2014\/07\/Bankkarten_Etui-v2.jpg","contentUrl":"https:\/\/www.eriksroed.com\/cms\/wp-content\/uploads\/2014\/07\/Bankkarten_Etui-v2.jpg","width":1300,"height":866},{"@type":"BreadcrumbList","@id":"https:\/\/www.eriksroed.com\/de\/services\/#breadcrumb","itemListElement":[{"@type":"ListItem","position":1,"name":"Home","item":"https:\/\/www.eriksroed.com\/de\/"},{"@type":"ListItem","position":2,"name":"Services"}]},{"@type":"WebSite","@id":"https:\/\/www.eriksroed.com\/#website","url":"https:\/\/www.eriksroed.com\/","name":"Eriksroed Consulting e.U.","description":"Think straight, Talk straight","potentialAction":[{"@type":"SearchAction","target":{"@type":"EntryPoint","urlTemplate":"https:\/\/www.eriksroed.com\/?s={search_term_string}"},"query-input":{"@type":"PropertyValueSpecification","valueRequired":true,"valueName":"search_term_string"}}],"inLanguage":"de"}]}},"_links":{"self":[{"href":"https:\/\/www.eriksroed.com\/de\/wp-json\/wp\/v2\/pages\/7","targetHints":{"allow":["GET"]}}],"collection":[{"href":"https:\/\/www.eriksroed.com\/de\/wp-json\/wp\/v2\/pages"}],"about":[{"href":"https:\/\/www.eriksroed.com\/de\/wp-json\/wp\/v2\/types\/page"}],"author":[{"embeddable":true,"href":"https:\/\/www.eriksroed.com\/de\/wp-json\/wp\/v2\/users\/4"}],"replies":[{"embeddable":true,"href":"https:\/\/www.eriksroed.com\/de\/wp-json\/wp\/v2\/comments?post=7"}],"version-history":[{"count":5,"href":"https:\/\/www.eriksroed.com\/de\/wp-json\/wp\/v2\/pages\/7\/revisions"}],"predecessor-version":[{"id":1625,"href":"https:\/\/www.eriksroed.com\/de\/wp-json\/wp\/v2\/pages\/7\/revisions\/1625"}],"wp:featuredmedia":[{"embeddable":true,"href":"https:\/\/www.eriksroed.com\/de\/wp-json\/wp\/v2\/media\/269"}],"wp:attachment":[{"href":"https:\/\/www.eriksroed.com\/de\/wp-json\/wp\/v2\/media?parent=7"}],"curies":[{"name":"wp","href":"https:\/\/api.w.org\/{rel}","templated":true}]}}