{"id":2,"date":"2010-12-15T00:36:45","date_gmt":"2010-12-15T00:36:45","guid":{"rendered":"http:\/\/www.eriksroed.com\/cms\/?page_id=2"},"modified":"2025-02-24T21:40:59","modified_gmt":"2025-02-24T20:40:59","slug":"startseit","status":"publish","type":"page","link":"https:\/\/www.eriksroed.com\/de\/","title":{"rendered":"Home"},"content":{"rendered":"<div   class='avia-fullscreen-slider main_color av-small-hide av-mini-hide  avia-builder-el-0  el_before_av_textblock  avia-builder-el-first  container_wrap sidebar_right'  >\n<style type=\"text\/css\" data-created_by=\"avia_inline_auto\" id=\"style-css-av-k7kk1hd4-ce62e88efa111cb26e859196e5416fdb\">\n#top #wrap_all .avia-slideshow .av-slideshow-caption.av-k7kk1hd4-ce62e88efa111cb26e859196e5416fdb__0 .avia-caption-title{\nfont-size:50px;\n}\n#top .avia-slideshow .av-slideshow-caption.av-k7kk1hd4-ce62e88efa111cb26e859196e5416fdb__0 .avia-caption-content{\nfont-size:50px;\ncolor:#f0ac00;\n}\n#top .avia-slideshow .av-slideshow-caption.av-k7kk1hd4-ce62e88efa111cb26e859196e5416fdb__0 .avia-caption-content p{\nfont-size:50px;\n}\n#top #wrap_all .avia-slideshow .av-slideshow-caption.av-k7kk1hd4-ce62e88efa111cb26e859196e5416fdb__1 .avia-caption-title{\nfont-size:50px;\n}\n#top .avia-slideshow .av-slideshow-caption.av-k7kk1hd4-ce62e88efa111cb26e859196e5416fdb__1 .avia-caption-content{\nfont-size:50px;\ncolor:#f0ac00;\n}\n#top .avia-slideshow .av-slideshow-caption.av-k7kk1hd4-ce62e88efa111cb26e859196e5416fdb__1 .avia-caption-content p{\nfont-size:50px;\n}\n#top #wrap_all .avia-slideshow .av-slideshow-caption.av-k7kk1hd4-ce62e88efa111cb26e859196e5416fdb__2 .avia-caption-title{\nfont-size:50px;\n}\n#top .avia-slideshow .av-slideshow-caption.av-k7kk1hd4-ce62e88efa111cb26e859196e5416fdb__2 .avia-caption-content{\nfont-size:50px;\ncolor:#f0ac00;\n}\n#top .avia-slideshow .av-slideshow-caption.av-k7kk1hd4-ce62e88efa111cb26e859196e5416fdb__2 .avia-caption-content p{\nfont-size:50px;\n}\n#top #wrap_all .avia-slideshow .av-slideshow-caption.av-k7kk1hd4-ce62e88efa111cb26e859196e5416fdb__3 .avia-caption-title{\nfont-size:50px;\n}\n#top .avia-slideshow .av-slideshow-caption.av-k7kk1hd4-ce62e88efa111cb26e859196e5416fdb__3 .avia-caption-content{\nfont-size:50px;\ncolor:#f0ac00;\n}\n#top .avia-slideshow .av-slideshow-caption.av-k7kk1hd4-ce62e88efa111cb26e859196e5416fdb__3 .avia-caption-content p{\nfont-size:50px;\n}\n#top #wrap_all .avia-slideshow .av-slideshow-caption.av-k7kk1hd4-ce62e88efa111cb26e859196e5416fdb__4 .avia-caption-title{\nfont-size:50px;\n}\n#top .avia-slideshow .av-slideshow-caption.av-k7kk1hd4-ce62e88efa111cb26e859196e5416fdb__4 .avia-caption-content{\nfont-size:50px;\ncolor:#f0ac00;\n}\n#top .avia-slideshow .av-slideshow-caption.av-k7kk1hd4-ce62e88efa111cb26e859196e5416fdb__4 .avia-caption-content p{\nfont-size:50px;\n}\n<\/style>\n<div  class='avia-slideshow av-k7kk1hd4-ce62e88efa111cb26e859196e5416fdb avia-slideshow-extra_large av_fullscreen avia-slide-slider av-small-hide av-mini-hide av-slideshow-ui av-control-default av-slideshow-manual av-loop-once av-loop-manual-endless av-default-height-applied   avia-slideshow-1' data-slideshow-options=\"{&quot;animation&quot;:&quot;slide&quot;,&quot;autoplay&quot;:false,&quot;loop_autoplay&quot;:&quot;once&quot;,&quot;interval&quot;:5,&quot;loop_manual&quot;:&quot;manual-endless&quot;,&quot;autoplay_stopper&quot;:false,&quot;noNavigation&quot;:false,&quot;bg_slider&quot;:true,&quot;keep_padding&quot;:false,&quot;hoverpause&quot;:false,&quot;show_slide_delay&quot;:0,&quot;slide_height&quot;:&quot;100&quot;,&quot;image_attachment&quot;:&quot;&quot;}\"  itemprop=\"image\" itemscope=\"itemscope\" itemtype=\"https:\/\/schema.org\/ImageObject\" ><ul class='avia-slideshow-inner ' style='padding-bottom: 66.666666666667%;'><li style='background-position:center center;' data-img-url='https:\/\/www.eriksroed.com\/cms\/wp-content\/uploads\/2020\/03\/slider-1-CorrectWidth-1500x1000.jpg' class='avia-slideshow-slide av-k7kk1hd4-ce62e88efa111cb26e859196e5416fdb__0  slide-1 slide-odd'><div data-rel='slideshow-1' class='avia-slide-wrap '   ><div class='av-slideshow-caption av-k7kk1hd4-ce62e88efa111cb26e859196e5416fdb__0 caption_fullwidth caption_center'><div class=\"container caption_container\"><div class=\"slideshow_caption\"><div class=\"slideshow_inner_caption\"><div class=\"slideshow_align_caption\"><h2 class='avia-caption-title '  itemprop=\"name\" >EETS - European Electronic Toll Service:<\/h2><div class='avia-caption-content av_inherit_color'  itemprop=\"description\" ><p>Die Direktive ist in Kraft. Sind Sie konform?<\/p>\n<\/div><\/div><\/div><\/div><\/div><\/div><div class='av-section-color-overlay' style='opacity: 0.8; background-color: #ffffff; '><\/div><\/div><\/li><li style='background-position:center center;' data-img-url='https:\/\/www.eriksroed.com\/cms\/wp-content\/uploads\/2020\/03\/slider-2-CorrectWidth-1500x422.jpg' class='avia-slideshow-slide av-k7kk1hd4-ce62e88efa111cb26e859196e5416fdb__1  slide-2 slide-even'><div data-rel='slideshow-1' class='avia-slide-wrap '   ><div class='av-slideshow-caption av-k7kk1hd4-ce62e88efa111cb26e859196e5416fdb__1 caption_fullwidth caption_center'><div class=\"container caption_container\"><div class=\"slideshow_caption\"><div class=\"slideshow_inner_caption\"><div class=\"slideshow_align_caption\"><h2 class='avia-caption-title '  itemprop=\"name\" >EFP \u2013 EETS Facilitation Platform:<\/h2><div class='avia-caption-content av_inherit_color'  itemprop=\"description\" ><p>Informationsaustausch f\u00fcr Mautbetreiber und EETS Anbieter. Sind Sie dabei?<\/p>\n<\/div><\/div><\/div><\/div><\/div><\/div><div class='av-section-color-overlay' style='opacity: 0.8; background-color: #ffffff; '><\/div><\/div><\/li><li style='background-position:center center;' data-img-url='https:\/\/www.eriksroed.com\/cms\/wp-content\/uploads\/2020\/03\/slider-3-CorrectWidth-1500x1072.jpg' class='avia-slideshow-slide av-k7kk1hd4-ce62e88efa111cb26e859196e5416fdb__2  slide-3 slide-odd'><div data-rel='slideshow-1' class='avia-slide-wrap '   ><div class='av-slideshow-caption av-k7kk1hd4-ce62e88efa111cb26e859196e5416fdb__2 caption_fullwidth caption_center'><div class=\"container caption_container\"><div class=\"slideshow_caption\"><div class=\"slideshow_inner_caption\"><div class=\"slideshow_align_caption\"><h2 class='avia-caption-title '  itemprop=\"name\" >Stra\u00dfenmaut - nutzerfinanzierte Infrastruktur<\/h2><div class='avia-caption-content av_inherit_color'  itemprop=\"description\" ><p>Sicher, kundenfreundlich, kontrollierbar. Ist Ihr Mautsystem optimiert?<\/p>\n<\/div><\/div><\/div><\/div><\/div><\/div><div class='av-section-color-overlay' style='opacity: 0.8; background-color: #ffffff; '><\/div><\/div><\/li><li style='background-position:center center;' data-img-url='https:\/\/www.eriksroed.com\/cms\/wp-content\/uploads\/2020\/03\/slider-4-CorrectWidth-1500x1000.jpg' class='avia-slideshow-slide av-k7kk1hd4-ce62e88efa111cb26e859196e5416fdb__3  slide-4 slide-even'><div data-rel='slideshow-1' class='avia-slide-wrap '   ><div class='av-slideshow-caption av-k7kk1hd4-ce62e88efa111cb26e859196e5416fdb__3 caption_fullwidth caption_center'><div class=\"container caption_container\"><div class=\"slideshow_caption\"><div class=\"slideshow_inner_caption\"><div class=\"slideshow_align_caption\"><h2 class='avia-caption-title '  itemprop=\"name\" >Die E-Mobilit\u00e4t ist jetzt<\/h2><div class='avia-caption-content av_inherit_color'  itemprop=\"description\" ><p>Ist Ihr Angebot zeitgem\u00e4\u00df?<\/p>\n<\/div><\/div><\/div><\/div><\/div><\/div><div class='av-section-color-overlay' style='opacity: 0.8; background-color: #ffffff; '><\/div><\/div><\/li><li style='background-position:center center;' data-img-url='https:\/\/www.eriksroed.com\/cms\/wp-content\/uploads\/2020\/03\/Slider-5-CorrectWidth-1500x1000.jpg' class='avia-slideshow-slide av-k7kk1hd4-ce62e88efa111cb26e859196e5416fdb__4  slide-5 slide-odd'><div data-rel='slideshow-1' class='avia-slide-wrap '   ><div class='av-slideshow-caption av-k7kk1hd4-ce62e88efa111cb26e859196e5416fdb__4 caption_fullwidth caption_center'><div class=\"container caption_container\"><div class=\"slideshow_caption\"><div class=\"slideshow_inner_caption\"><div class=\"slideshow_align_caption\"><h2 class='avia-caption-title '  itemprop=\"name\" >Zahlungsverkehr<\/h2><div class='avia-caption-content av_inherit_color'  itemprop=\"description\" ><p>Integriert, sicher, komfortabel. Wie k\u00f6nnen wir unterst\u00fctzen?<\/p>\n<\/div><\/div><\/div><\/div><\/div><\/div><div class='av-section-color-overlay' style='opacity: 0.7; background-color: #ffffff; '><\/div><\/div><\/li><\/ul><div class='avia-slideshow-arrows avia-slideshow-controls' ><a href='#prev' class='prev-slide  avia-svg-icon avia-font-svg_entypo-fontello' data-av_svg_icon='left-open-big' data-av_iconset='svg_entypo-fontello' tabindex='-1' title=\"Zur\u00fcck\"><svg version=\"1.1\" xmlns=\"http:\/\/www.w3.org\/2000\/svg\" width=\"15\" height=\"32\" viewBox=\"0 0 15 32\" preserveAspectRatio=\"xMidYMid meet\" aria-labelledby='av-svg-title-1' aria-describedby='av-svg-desc-1' role=\"graphics-symbol\" aria-hidden=\"true\">\n<title id='av-svg-title-1'>Zur\u00fcck<\/title>\n<desc id='av-svg-desc-1'>Zur\u00fcck<\/desc>\n<path d=\"M14.464 27.84q0.832 0.832 0 1.536-0.832 0.832-1.536 0l-12.544-12.608q-0.768-0.768 0-1.6l12.544-12.608q0.704-0.832 1.536 0 0.832 0.704 0 1.536l-11.456 11.904z\"><\/path>\n<\/svg><span class='avia_hidden_link_text'>Zur\u00fcck<\/span><\/a><a href='#next' class='next-slide  avia-svg-icon avia-font-svg_entypo-fontello' data-av_svg_icon='right-open-big' data-av_iconset='svg_entypo-fontello' tabindex='-1' title=\"Weiter\"><svg version=\"1.1\" xmlns=\"http:\/\/www.w3.org\/2000\/svg\" width=\"15\" height=\"32\" viewBox=\"0 0 15 32\" preserveAspectRatio=\"xMidYMid meet\" aria-labelledby='av-svg-title-2' aria-describedby='av-svg-desc-2' role=\"graphics-symbol\" aria-hidden=\"true\">\n<title id='av-svg-title-2'>Weiter<\/title>\n<desc id='av-svg-desc-2'>Weiter<\/desc>\n<path d=\"M0.416 27.84l11.456-11.84-11.456-11.904q-0.832-0.832 0-1.536 0.832-0.832 1.536 0l12.544 12.608q0.768 0.832 0 1.6l-12.544 12.608q-0.704 0.832-1.536 0-0.832-0.704 0-1.536z\"><\/path>\n<\/svg><span class='avia_hidden_link_text'>Weiter<\/span><\/a><\/div><div class='avia-slideshow-dots avia-slideshow-controls'><a href='#1' class='goto-slide active' >1<\/a><a href='#2' class='goto-slide ' >2<\/a><a href='#3' class='goto-slide ' >3<\/a><a href='#4' class='goto-slide ' >4<\/a><a href='#5' class='goto-slide ' >5<\/a><\/div><\/div><\/div><div id='after_full_slider_1'  class='main_color av_default_container_wrap container_wrap sidebar_right'  ><div class='container av-section-cont-open' ><div class='template-page content  av-content-small alpha units'><div class='post-entry post-entry-type-page post-entry-2'><div class='entry-content-wrapper clearfix'>\n<section  class='av_textblock_section av-dli-84585e9ffdb402c29dfe37b32ab575f8 '   itemscope=\"itemscope\" itemtype=\"https:\/\/schema.org\/CreativeWork\" ><div class='avia_textblock'  itemprop=\"text\" ><h2><em>Eriksroed Consulting e.U.<\/em><\/h2>\n<p>Eriksroed Consulting ist eine l\u00f6sungsorientierte Unternehmensberatung, gegr\u00fcndet von Tore Eriksr\u00f6d. Er lebt seit 1991 in \u00d6sterreich und bietet europaweit <a href=\"https:\/\/www.eriksroed.com\/de\/services\/\" target=\"_blank\" rel=\"noopener\">Beratungsleistungen<\/a> an. Langj\u00e4hrige Projekterfahrung in Kombination mit umfassenden Kenntnissen in den Bereichen Betriebswirtschaft und IT bilden eine solide Basis f\u00fcr die Schaffung von kundenorientierten, praxisgerechten L\u00f6sungen. Eriksroed Consulting unterst\u00fctzt seine Kunden in allen Phasen der L\u00f6sungsfindung, von der Analyse und Konzepterstellung bis zur Umsetzung und Inbetriebnahme neuer L\u00f6sungen. Wenn gr\u00f6\u00dfere Projekte anstehen \u2013 oder besondere Anforderungen vorliegen \u2013 wird das umfassende Netzwerk von Eriksroed Consulting aktiviert, um die richtigen Ressourcen f\u00fcr die Aufgabe bereitzustellen.<\/p>\n<p>Besondere Schwerpunkte bilden die Bereiche Mauteinhebung, EETS,\u00a0 Zahlungsverkehr und E-Mobilit\u00e4t, in welchen Eriksroed Consulting zahlreiche Projekte durchgef\u00fchrt hat.<\/p>\n<h2><em>&#8222;Think straight, talk straight&#8220;<\/em><\/h2>\n<p>Dieses Motto, das Eriksroed Consulting im Firmenlogo f\u00fchrt, spricht f\u00fcr sich selbst. Kunden, die sich an Eriksroed Consulting wenden, k\u00f6nnen darauf vertrauen, klare Antworten auf ihre Fragen und Anliegen zu bekommen. Bei uns wird nicht um den hei\u00dfen Brei herumgeredet, sondern es werden rasch praxisgerechte L\u00f6sungen erarbeitet und angeboten. \u201eThink straight, talk straight\u201c steht auch f\u00fcr Integrit\u00e4t, Ehrlichkeit und bedingungslose Ergebnisorientierung im Sinne des Kunden. Das Motto stammt urspr\u00fcnglich von Arthur Andersen (1885 \u2013 1947), dem Gr\u00fcnder und langj\u00e4hrigen Chef der gleichnamigen Wirtschaftspr\u00fcfungs- und Beratungsgesellschaft.<\/p>\n<\/div><\/section>\n","protected":false},"excerpt":{"rendered":"","protected":false},"author":4,"featured_media":802,"parent":0,"menu_order":2,"comment_status":"closed","ping_status":"open","template":"","meta":{"footnotes":""},"class_list":["post-2","page","type-page","status-publish","has-post-thumbnail","hentry"],"yoast_head":"<!-- This site is optimized with the Yoast SEO plugin v27.4 - https:\/\/yoast.com\/product\/yoast-seo-wordpress\/ -->\n<title>Eriksroed Consulting e.U. - Unternehmensberatung<\/title>\n<meta name=\"description\" content=\"Eriksroed Consulting ist eine l\u00f6sungsorientierte Unternehmensberatung, gegr\u00fcndet von Tore Eriksr\u00f6d und bietet europaweit Beratungsleistungen an.\" \/>\n<meta name=\"robots\" content=\"index, follow, max-snippet:-1, max-image-preview:large, max-video-preview:-1\" \/>\n<link rel=\"canonical\" href=\"https:\/\/www.eriksroed.com\/de\/\" \/>\n<meta property=\"og:locale\" content=\"de_DE\" \/>\n<meta property=\"og:type\" content=\"article\" \/>\n<meta property=\"og:title\" content=\"Eriksroed Consulting e.U. - Unternehmensberatung\" \/>\n<meta property=\"og:description\" content=\"Eriksroed Consulting ist eine l\u00f6sungsorientierte Unternehmensberatung, gegr\u00fcndet von Tore Eriksr\u00f6d und bietet europaweit Beratungsleistungen an.\" \/>\n<meta property=\"og:url\" content=\"https:\/\/www.eriksroed.com\/de\/\" \/>\n<meta property=\"og:site_name\" content=\"Eriksroed Consulting e.U.\" \/>\n<meta property=\"article:modified_time\" content=\"2025-02-24T20:40:59+00:00\" \/>\n<meta property=\"og:image\" content=\"https:\/\/www.eriksroed.com\/cms\/wp-content\/uploads\/2020\/03\/logo.png\" \/>\n\t<meta property=\"og:image:width\" content=\"277\" \/>\n\t<meta property=\"og:image:height\" content=\"277\" \/>\n\t<meta property=\"og:image:type\" content=\"image\/png\" \/>\n<meta name=\"twitter:card\" content=\"summary_large_image\" \/>\n<meta name=\"twitter:label1\" content=\"Gesch\u00e4tzte Lesezeit\" \/>\n\t<meta name=\"twitter:data1\" content=\"2\u00a0Minuten\" \/>\n<script type=\"application\/ld+json\" class=\"yoast-schema-graph\">{\"@context\":\"https:\\\/\\\/schema.org\",\"@graph\":[{\"@type\":\"WebPage\",\"@id\":\"https:\\\/\\\/www.eriksroed.com\\\/de\\\/\",\"url\":\"https:\\\/\\\/www.eriksroed.com\\\/de\\\/\",\"name\":\"Eriksroed Consulting e.U. - Unternehmensberatung\",\"isPartOf\":{\"@id\":\"https:\\\/\\\/www.eriksroed.com\\\/#website\"},\"primaryImageOfPage\":{\"@id\":\"https:\\\/\\\/www.eriksroed.com\\\/de\\\/#primaryimage\"},\"image\":{\"@id\":\"https:\\\/\\\/www.eriksroed.com\\\/de\\\/#primaryimage\"},\"thumbnailUrl\":\"https:\\\/\\\/www.eriksroed.com\\\/cms\\\/wp-content\\\/uploads\\\/2020\\\/03\\\/logo.png\",\"datePublished\":\"2010-12-15T00:36:45+00:00\",\"dateModified\":\"2025-02-24T20:40:59+00:00\",\"description\":\"Eriksroed Consulting ist eine l\u00f6sungsorientierte Unternehmensberatung, gegr\u00fcndet von Tore Eriksr\u00f6d und bietet europaweit Beratungsleistungen an.\",\"breadcrumb\":{\"@id\":\"https:\\\/\\\/www.eriksroed.com\\\/de\\\/#breadcrumb\"},\"inLanguage\":\"de\",\"potentialAction\":[{\"@type\":\"ReadAction\",\"target\":[\"https:\\\/\\\/www.eriksroed.com\\\/de\\\/\"]}]},{\"@type\":\"ImageObject\",\"inLanguage\":\"de\",\"@id\":\"https:\\\/\\\/www.eriksroed.com\\\/de\\\/#primaryimage\",\"url\":\"https:\\\/\\\/www.eriksroed.com\\\/cms\\\/wp-content\\\/uploads\\\/2020\\\/03\\\/logo.png\",\"contentUrl\":\"https:\\\/\\\/www.eriksroed.com\\\/cms\\\/wp-content\\\/uploads\\\/2020\\\/03\\\/logo.png\",\"width\":277,\"height\":277},{\"@type\":\"BreadcrumbList\",\"@id\":\"https:\\\/\\\/www.eriksroed.com\\\/de\\\/#breadcrumb\",\"itemListElement\":[{\"@type\":\"ListItem\",\"position\":1,\"name\":\"Home\",\"item\":\"https:\\\/\\\/www.eriksroed.com\\\/de\\\/\"},{\"@type\":\"ListItem\",\"position\":2,\"name\":\"Home\"}]},{\"@type\":\"WebSite\",\"@id\":\"https:\\\/\\\/www.eriksroed.com\\\/#website\",\"url\":\"https:\\\/\\\/www.eriksroed.com\\\/\",\"name\":\"Eriksroed Consulting e.U.\",\"description\":\"Think straight, Talk straight\",\"potentialAction\":[{\"@type\":\"SearchAction\",\"target\":{\"@type\":\"EntryPoint\",\"urlTemplate\":\"https:\\\/\\\/www.eriksroed.com\\\/?s={search_term_string}\"},\"query-input\":{\"@type\":\"PropertyValueSpecification\",\"valueRequired\":true,\"valueName\":\"search_term_string\"}}],\"inLanguage\":\"de\"}]}<\/script>\n<!-- \/ Yoast SEO plugin. -->","yoast_head_json":{"title":"Eriksroed Consulting e.U. - Unternehmensberatung","description":"Eriksroed Consulting ist eine l\u00f6sungsorientierte Unternehmensberatung, gegr\u00fcndet von Tore Eriksr\u00f6d und bietet europaweit Beratungsleistungen an.","robots":{"index":"index","follow":"follow","max-snippet":"max-snippet:-1","max-image-preview":"max-image-preview:large","max-video-preview":"max-video-preview:-1"},"canonical":"https:\/\/www.eriksroed.com\/de\/","og_locale":"de_DE","og_type":"article","og_title":"Eriksroed Consulting e.U. - Unternehmensberatung","og_description":"Eriksroed Consulting ist eine l\u00f6sungsorientierte Unternehmensberatung, gegr\u00fcndet von Tore Eriksr\u00f6d und bietet europaweit Beratungsleistungen an.","og_url":"https:\/\/www.eriksroed.com\/de\/","og_site_name":"Eriksroed Consulting e.U.","article_modified_time":"2025-02-24T20:40:59+00:00","og_image":[{"width":277,"height":277,"url":"https:\/\/www.eriksroed.com\/cms\/wp-content\/uploads\/2020\/03\/logo.png","type":"image\/png"}],"twitter_card":"summary_large_image","twitter_misc":{"Gesch\u00e4tzte Lesezeit":"2\u00a0Minuten"},"schema":{"@context":"https:\/\/schema.org","@graph":[{"@type":"WebPage","@id":"https:\/\/www.eriksroed.com\/de\/","url":"https:\/\/www.eriksroed.com\/de\/","name":"Eriksroed Consulting e.U. - Unternehmensberatung","isPartOf":{"@id":"https:\/\/www.eriksroed.com\/#website"},"primaryImageOfPage":{"@id":"https:\/\/www.eriksroed.com\/de\/#primaryimage"},"image":{"@id":"https:\/\/www.eriksroed.com\/de\/#primaryimage"},"thumbnailUrl":"https:\/\/www.eriksroed.com\/cms\/wp-content\/uploads\/2020\/03\/logo.png","datePublished":"2010-12-15T00:36:45+00:00","dateModified":"2025-02-24T20:40:59+00:00","description":"Eriksroed Consulting ist eine l\u00f6sungsorientierte Unternehmensberatung, gegr\u00fcndet von Tore Eriksr\u00f6d und bietet europaweit Beratungsleistungen an.","breadcrumb":{"@id":"https:\/\/www.eriksroed.com\/de\/#breadcrumb"},"inLanguage":"de","potentialAction":[{"@type":"ReadAction","target":["https:\/\/www.eriksroed.com\/de\/"]}]},{"@type":"ImageObject","inLanguage":"de","@id":"https:\/\/www.eriksroed.com\/de\/#primaryimage","url":"https:\/\/www.eriksroed.com\/cms\/wp-content\/uploads\/2020\/03\/logo.png","contentUrl":"https:\/\/www.eriksroed.com\/cms\/wp-content\/uploads\/2020\/03\/logo.png","width":277,"height":277},{"@type":"BreadcrumbList","@id":"https:\/\/www.eriksroed.com\/de\/#breadcrumb","itemListElement":[{"@type":"ListItem","position":1,"name":"Home","item":"https:\/\/www.eriksroed.com\/de\/"},{"@type":"ListItem","position":2,"name":"Home"}]},{"@type":"WebSite","@id":"https:\/\/www.eriksroed.com\/#website","url":"https:\/\/www.eriksroed.com\/","name":"Eriksroed Consulting e.U.","description":"Think straight, Talk straight","potentialAction":[{"@type":"SearchAction","target":{"@type":"EntryPoint","urlTemplate":"https:\/\/www.eriksroed.com\/?s={search_term_string}"},"query-input":{"@type":"PropertyValueSpecification","valueRequired":true,"valueName":"search_term_string"}}],"inLanguage":"de"}]}},"_links":{"self":[{"href":"https:\/\/www.eriksroed.com\/de\/wp-json\/wp\/v2\/pages\/2","targetHints":{"allow":["GET"]}}],"collection":[{"href":"https:\/\/www.eriksroed.com\/de\/wp-json\/wp\/v2\/pages"}],"about":[{"href":"https:\/\/www.eriksroed.com\/de\/wp-json\/wp\/v2\/types\/page"}],"author":[{"embeddable":true,"href":"https:\/\/www.eriksroed.com\/de\/wp-json\/wp\/v2\/users\/4"}],"replies":[{"embeddable":true,"href":"https:\/\/www.eriksroed.com\/de\/wp-json\/wp\/v2\/comments?post=2"}],"version-history":[{"count":5,"href":"https:\/\/www.eriksroed.com\/de\/wp-json\/wp\/v2\/pages\/2\/revisions"}],"predecessor-version":[{"id":1637,"href":"https:\/\/www.eriksroed.com\/de\/wp-json\/wp\/v2\/pages\/2\/revisions\/1637"}],"wp:featuredmedia":[{"embeddable":true,"href":"https:\/\/www.eriksroed.com\/de\/wp-json\/wp\/v2\/media\/802"}],"wp:attachment":[{"href":"https:\/\/www.eriksroed.com\/de\/wp-json\/wp\/v2\/media?parent=2"}],"curies":[{"name":"wp","href":"https:\/\/api.w.org\/{rel}","templated":true}]}}