{"id":13,"date":"2011-02-07T13:35:07","date_gmt":"2011-02-07T12:35:07","guid":{"rendered":"http:\/\/www.eriksroed.com\/cms\/"},"modified":"2025-02-24T21:46:26","modified_gmt":"2025-02-24T20:46:26","slug":"ueber-uns","status":"publish","type":"page","link":"https:\/\/www.eriksroed.com\/de\/ueber-uns\/","title":{"rendered":"\u00dcber Uns"},"content":{"rendered":"\n<style type=\"text\/css\" data-created_by=\"avia_inline_auto\" id=\"style-css-av-2o3qd-8ecba25931dbdf025aca20451624b80c\">\n.flex_column.av-2o3qd-8ecba25931dbdf025aca20451624b80c{\nborder-radius:0px 0px 0px 0px;\npadding:0px 0px 0px 0px;\n}\n<\/style>\n<div  class='flex_column av-2o3qd-8ecba25931dbdf025aca20451624b80c av_one_full  avia-builder-el-0  el_before_av_one_half  avia-builder-el-first  first flex_column_div av-zero-column-padding  '     ><section  class='av_textblock_section av-k7kmvur1-c4b1180fbd4324f57988091586ee610b '   itemscope=\"itemscope\" itemtype=\"https:\/\/schema.org\/CreativeWork\" ><div class='avia_textblock'  itemprop=\"text\" ><h2>Das Team<\/h2>\n<p>Die Unternehmensberatung Eriksroed Consulting wurde Anfang 2010 von Tore Eriksroed etabliert. Er verf\u00fcgt \u00fcber langj\u00e4hrige Erfahrung aus internationalen Gro\u00dfprojekten und hat tief greifende Kenntnisse unter anderem in der Mautbranche und im Zahlungsverkehr. Seit Mai 2011 verst\u00e4rkt Karin Eriksroed das Team. Ihre Schwerpunkte liegen in den Bereichen Controlling, Rechnungswesen und Administration.<\/p>\n<\/div><\/section><\/div>\n\n<style type=\"text\/css\" data-created_by=\"avia_inline_auto\" id=\"style-css-av-25xsp-232c06a3d47d1d97ebe7c92348cd607a\">\n.flex_column.av-25xsp-232c06a3d47d1d97ebe7c92348cd607a{\nborder-radius:0px 0px 0px 0px;\npadding:0px 0px 0px 0px;\n}\n<\/style>\n<div  class='flex_column av-25xsp-232c06a3d47d1d97ebe7c92348cd607a av_one_half  avia-builder-el-2  el_after_av_one_full  el_before_av_one_half  first flex_column_div av-zero-column-padding  column-top-margin'     ><style type=\"text\/css\" data-created_by=\"avia_inline_auto\" id=\"style-css-av-k7kmwm86-8bc1e9f326cac5df14696da6f2a32ef9\">\n.avia-image-container.av-k7kmwm86-8bc1e9f326cac5df14696da6f2a32ef9 img.avia_image{\nbox-shadow:none;\n}\n.avia-image-container.av-k7kmwm86-8bc1e9f326cac5df14696da6f2a32ef9 .av-image-caption-overlay-center{\ncolor:#ffffff;\n}\n<\/style>\n<div  class='avia-image-container av-k7kmwm86-8bc1e9f326cac5df14696da6f2a32ef9 av-styling- avia-align-center  avia-builder-el-3  avia-builder-el-no-sibling  av-has-copyright av-copyright-icon-reveal'   itemprop=\"image\" itemscope=\"itemscope\" itemtype=\"https:\/\/schema.org\/ImageObject\" ><div class=\"avia-image-container-inner\"><div class=\"avia-image-overlay-wrap\"><img decoding=\"async\" fetchpriority=\"high\" class='wp-image-157 avia-img-lazy-loading-not-157 avia_image ' src=\"https:\/\/www.eriksroed.com\/cms\/wp-content\/uploads\/2014\/07\/TorePortrait-200x300.jpg\" alt='' title='1: Tore Eriksroed'  height=\"300\" width=\"200\"  itemprop=\"thumbnailUrl\" srcset=\"https:\/\/www.eriksroed.com\/cms\/wp-content\/uploads\/2014\/07\/TorePortrait-200x300.jpg 200w, https:\/\/www.eriksroed.com\/cms\/wp-content\/uploads\/2014\/07\/TorePortrait-400x600.jpg 400w, https:\/\/www.eriksroed.com\/cms\/wp-content\/uploads\/2014\/07\/TorePortrait.jpg 709w\" sizes=\"(max-width: 200px) 100vw, 200px\" \/><\/div><small class=\"avia-copyright\">Tore Eriksroed (\u00a9 www.fotoweinwurm.at)<span class='avia-svg-icon avia-font-svg_entypo-fontello' data-av_svg_icon='info' data-av_iconset='svg_entypo-fontello'><svg version=\"1.1\" xmlns=\"http:\/\/www.w3.org\/2000\/svg\" width=\"15\" height=\"32\" viewBox=\"0 0 15 32\" preserveAspectRatio=\"xMidYMid meet\" aria-labelledby='av-svg-title-1' aria-describedby='av-svg-desc-1' role=\"graphics-symbol\">\n<title id='av-svg-title-1'>Info<\/title>\n<desc id='av-svg-desc-1'>Info<\/desc>\n<path d=\"M11.264 0q1.536 0 2.368 0.864t0.832 2.208q0 1.6-1.248 2.816t-3.040 1.216q-1.536 0-2.368-0.832t-0.768-2.304q0-1.472 1.12-2.72t3.104-1.248zM4.672 32q-3.2 0-1.728-5.696l1.92-8.128q0.448-1.792 0-1.792-0.384 0-1.728 0.576t-2.304 1.216l-0.832-1.408q2.88-2.496 6.048-4.032t4.832-1.536q2.496 0 1.152 5.184l-2.24 8.512q-0.512 2.048 0.192 2.048 1.408 0 3.776-1.92l0.96 1.28q-2.688 2.752-5.6 4.224t-4.448 1.472z\"><\/path>\n<\/svg><\/span><\/small><\/div><\/div><\/div>\n\n<style type=\"text\/css\" data-created_by=\"avia_inline_auto\" id=\"style-css-av-1dnid-11b5f9fd7edac92e396a35a0ff6c71f8\">\n.flex_column.av-1dnid-11b5f9fd7edac92e396a35a0ff6c71f8{\nborder-radius:0px 0px 0px 0px;\npadding:0px 0px 0px 0px;\n}\n<\/style>\n<div  class='flex_column av-1dnid-11b5f9fd7edac92e396a35a0ff6c71f8 av_one_half  avia-builder-el-4  el_after_av_one_half  el_before_av_one_full  flex_column_div av-zero-column-padding  column-top-margin'     ><style type=\"text\/css\" data-created_by=\"avia_inline_auto\" id=\"style-css-av-k7kmwyqk-1abe57b48d039e17ccb9fe23c3151eb4\">\n.avia-image-container.av-k7kmwyqk-1abe57b48d039e17ccb9fe23c3151eb4 img.avia_image{\nbox-shadow:none;\n}\n.avia-image-container.av-k7kmwyqk-1abe57b48d039e17ccb9fe23c3151eb4 .av-image-caption-overlay-center{\ncolor:#ffffff;\n}\n<\/style>\n<div  class='avia-image-container av-k7kmwyqk-1abe57b48d039e17ccb9fe23c3151eb4 av-styling- avia-align-center  avia-builder-el-5  avia-builder-el-no-sibling  av-has-copyright av-copyright-icon-reveal'   itemprop=\"image\" itemscope=\"itemscope\" itemtype=\"https:\/\/schema.org\/ImageObject\" ><div class=\"avia-image-container-inner\"><div class=\"avia-image-overlay-wrap\"><img decoding=\"async\" fetchpriority=\"high\" class='wp-image-156 avia-img-lazy-loading-not-156 avia_image ' src=\"https:\/\/www.eriksroed.com\/cms\/wp-content\/uploads\/2014\/07\/KarinPortrait-200x300.jpg\" alt='' title='2: Karin Eriksroed'  height=\"300\" width=\"200\"  itemprop=\"thumbnailUrl\" srcset=\"https:\/\/www.eriksroed.com\/cms\/wp-content\/uploads\/2014\/07\/KarinPortrait-200x300.jpg 200w, https:\/\/www.eriksroed.com\/cms\/wp-content\/uploads\/2014\/07\/KarinPortrait-400x600.jpg 400w, https:\/\/www.eriksroed.com\/cms\/wp-content\/uploads\/2014\/07\/KarinPortrait.jpg 709w\" sizes=\"(max-width: 200px) 100vw, 200px\" \/><\/div><small class=\"avia-copyright\">Karin Eriksroed (\u00a9 www.fotoweinwurm.at)<span class='avia-svg-icon avia-font-svg_entypo-fontello' data-av_svg_icon='info' data-av_iconset='svg_entypo-fontello'><svg version=\"1.1\" xmlns=\"http:\/\/www.w3.org\/2000\/svg\" width=\"15\" height=\"32\" viewBox=\"0 0 15 32\" preserveAspectRatio=\"xMidYMid meet\" aria-labelledby='av-svg-title-2' aria-describedby='av-svg-desc-2' role=\"graphics-symbol\">\n<title id='av-svg-title-2'>Info<\/title>\n<desc id='av-svg-desc-2'>Info<\/desc>\n<path d=\"M11.264 0q1.536 0 2.368 0.864t0.832 2.208q0 1.6-1.248 2.816t-3.040 1.216q-1.536 0-2.368-0.832t-0.768-2.304q0-1.472 1.12-2.72t3.104-1.248zM4.672 32q-3.2 0-1.728-5.696l1.92-8.128q0.448-1.792 0-1.792-0.384 0-1.728 0.576t-2.304 1.216l-0.832-1.408q2.88-2.496 6.048-4.032t4.832-1.536q2.496 0 1.152 5.184l-2.24 8.512q-0.512 2.048 0.192 2.048 1.408 0 3.776-1.92l0.96 1.28q-2.688 2.752-5.6 4.224t-4.448 1.472z\"><\/path>\n<\/svg><\/span><\/small><\/div><\/div><\/div>\n\n<style type=\"text\/css\" data-created_by=\"avia_inline_auto\" id=\"style-css-av-xl6x-408d00d9d1e8a692d2ba6e0d9ec68c72\">\n.flex_column.av-xl6x-408d00d9d1e8a692d2ba6e0d9ec68c72{\nborder-radius:0px 0px 0px 0px;\npadding:0px 0px 0px 0px;\n}\n<\/style>\n<div  class='flex_column av-xl6x-408d00d9d1e8a692d2ba6e0d9ec68c72 av_one_full  avia-builder-el-6  el_after_av_one_half  avia-builder-el-last  first flex_column_div av-zero-column-padding  column-top-margin'     ><section  class='av_textblock_section av-k7kmvqy8-6fd3cd47a9b91fa823c207e297ad886b '   itemscope=\"itemscope\" itemtype=\"https:\/\/schema.org\/CreativeWork\" ><div class='avia_textblock'  itemprop=\"text\" ><h2 style=\"text-align: left;\">Partner<\/h2>\n<p>Um die Anforderungen der Kunden bestm\u00f6glich zu erf\u00fcllen, arbeitet Eriksroed Consulting projektbezogen mit anderen Beratern und Spezialisten zusammen. Eriksroed Consulting verf\u00fcgt \u00fcber ein Netzwerk mit Partnern in \u00d6sterreich, Deutschland, Gro\u00dfbritannien und Norwegen, das bei Bedarf genutzt wird. Als Beispiel dient die Zusammenarbeit mit Electronic Fee Collection (EFC)\u00a0Experten aus Norwegen, die mit Eriksroed Consulting gemeinsam ein Kompetenz-Netzwerk im Bereich EFC etabliert haben.<\/p>\n<p>Dieses Netzwerk \u2013 Norwegian EFC Network (NEN) \u2013 hat zum Ziel, Know-How und Dienstleistungen der EFC-Experten an die verschiedenen Akteure in der Branche anzubieten. Diese Dienstleistungen umfassen Planung, Implementierung, Inbetriebnahme und laufende Evaluierung von EFC-Systemen. Die EFC-Experten verf\u00fcgen \u00fcber langj\u00e4hrige Erfahrung auf internationaler Ebene \u2013 auch in den Bereichen Forschung und Standardisierung. Die Beziehungen im Netzwerk bieten eine gro\u00dfe Flexibilit\u00e4t und erm\u00f6glicht eine projekt-basierte Zusammensetzung der Teams.<\/p>\n<h2>Referenzen und Projekterfahrung<\/h2>\n<p>Seit dem Start Anfang 2010 hat Eriksroed Consulting gro\u00dfe und kleine Auftr\u00e4ge in \u00d6sterreich, Polen, Norwegen und Deutschland durchgef\u00fchrt.<\/p>\n<ul>\n<li><strong>Technical payment service provider, Wien\/\u00d6sterreich<\/strong> Projekt Management und Business Development Aktivit\u00e4ten im Zusammenhang mit Projekten f\u00fcr Kunden aus der ganzen Welt. Implementierung und Betrieb eines Virtual Terminal Servers f\u00fcr Kartenzahlungen sowie einer Payment Gateway.<\/li>\n<\/ul>\n<ul>\n<li><strong>Mautbetreiber, Warschau\/Polen<\/strong> Leitung des Clearing &amp; Payment Projektteams w\u00e4hrend der Implementierung des \u201cNational Toll Collection Systems\u201d f\u00fcr Schwerfahrzeuge. Etablierung der Betriebsorganisation und Support nach dem Start of Operations.<\/li>\n<\/ul>\n<ul>\n<li><strong>Regional European Electronic Toll Service (REETS)<\/strong> Begleitung und Unterst\u00fctzung des Projektmanagements w\u00e4hrend des gesamten Projektzyklus. Das REETS Projekt ist ein von der Europ\u00e4ischen Kommission mitfinanziertes Kooperationsprojekt zwischen Mautbetreibern aus acht L\u00e4ndern sowie potentiellen EETS Providern. <a title=\"Offizielle Homepage\" href=\"http:\/\/www.reets.eu\/\" target=\"_blank\" rel=\"noopener\">www.reets.eu<\/a><\/li>\n<\/ul>\n<ul>\n<li><strong>Statens Vegvesen, Oslo\/Norwegen<\/strong> Mitwirkung bei der Erstellung der Ausschreibungsunterlagen f\u00fcr die neue Generation der On-Board-Units f\u00fcr das norwegische Mautsystem<\/li>\n<\/ul>\n<ul>\n<li><strong>Verschiedene\u00a0Institutionen, Norwegen<\/strong> Bereitstellung von Informationen (Vortr\u00e4ge, Pr\u00e4sentationen, Berichte) \u00fcber Mauteinhebung in Europa, und speziell \u00fcber die Organisation der Mauteinhebung in \u00d6sterreich f\u00fcr mehrere Institutionen und Organisationen in Norwegen (<em>Mautbetreiber<\/em>, <em>Bundesrechnungshof<\/em>, <em>Ministerium<\/em>, <em>Parlament<\/em>).<\/li>\n<\/ul>\n<ul>\n<li><strong>Potentieller EETS-Provider, Europa<\/strong> Ausarbeitung von Konzept und Business Case f\u00fcr einen potentiellen Anbieter von \u201eEuropean Electronic Toll Service\u201c (EETS).<\/li>\n<\/ul>\n<ul>\n<li><strong>Beratungsgruppe, Wien\/\u00d6sterreich<\/strong>\u00a0Pr\u00fcfung eines Business Plans f\u00fcr Investoren<\/li>\n<\/ul>\n<h2>Informationsseiten\u00a0&amp; CV<\/h2>\n<p>Hier finden Sie n\u00e4here Informationen zu Tore Eriksroed sowie seiner beruflichen Erfahrung.<\/p>\n<ul>\n<li style=\"list-style-type: none;\">\n<ul>\n<li><a title=\"LinkedIn\" href=\"http:\/\/at.linkedin.com\/pub\/tore-eriksroed\/17\/118\/654\" target=\"_blank\" rel=\"noopener\">LinkedIn<\/a><\/li>\n<\/ul>\n<\/li>\n<\/ul>\n<\/div><\/section><\/div>\n","protected":false},"excerpt":{"rendered":"","protected":false},"author":4,"featured_media":157,"parent":0,"menu_order":6,"comment_status":"closed","ping_status":"closed","template":"","meta":{"footnotes":""},"class_list":["post-13","page","type-page","status-publish","has-post-thumbnail","hentry"],"yoast_head":"<!-- This site is optimized with the Yoast SEO plugin v26.8 - https:\/\/yoast.com\/product\/yoast-seo-wordpress\/ -->\n<title>\u00dcber Uns | Eriksroed Consulting e.U.<\/title>\n<meta name=\"robots\" content=\"index, follow, max-snippet:-1, max-image-preview:large, max-video-preview:-1\" \/>\n<link rel=\"canonical\" href=\"https:\/\/www.eriksroed.com\/de\/ueber-uns\/\" \/>\n<meta property=\"og:locale\" content=\"de_DE\" \/>\n<meta property=\"og:type\" content=\"article\" \/>\n<meta property=\"og:title\" content=\"\u00dcber Uns | Eriksroed Consulting e.U.\" \/>\n<meta property=\"og:url\" content=\"https:\/\/www.eriksroed.com\/de\/ueber-uns\/\" \/>\n<meta property=\"og:site_name\" content=\"Eriksroed Consulting e.U.\" \/>\n<meta property=\"article:modified_time\" content=\"2025-02-24T20:46:26+00:00\" \/>\n<meta property=\"og:image\" content=\"https:\/\/www.eriksroed.com\/cms\/wp-content\/uploads\/2014\/07\/TorePortrait.jpg\" \/>\n\t<meta property=\"og:image:width\" content=\"709\" \/>\n\t<meta property=\"og:image:height\" content=\"1063\" \/>\n\t<meta property=\"og:image:type\" content=\"image\/jpeg\" \/>\n<meta name=\"twitter:card\" content=\"summary_large_image\" \/>\n<meta name=\"twitter:label1\" content=\"Gesch\u00e4tzte Lesezeit\" \/>\n\t<meta name=\"twitter:data1\" content=\"3\u00a0Minuten\" \/>\n<script type=\"application\/ld+json\" class=\"yoast-schema-graph\">{\"@context\":\"https:\/\/schema.org\",\"@graph\":[{\"@type\":\"WebPage\",\"@id\":\"https:\/\/www.eriksroed.com\/de\/ueber-uns\/\",\"url\":\"https:\/\/www.eriksroed.com\/de\/ueber-uns\/\",\"name\":\"\u00dcber Uns | Eriksroed Consulting e.U.\",\"isPartOf\":{\"@id\":\"https:\/\/www.eriksroed.com\/#website\"},\"primaryImageOfPage\":{\"@id\":\"https:\/\/www.eriksroed.com\/de\/ueber-uns\/#primaryimage\"},\"image\":{\"@id\":\"https:\/\/www.eriksroed.com\/de\/ueber-uns\/#primaryimage\"},\"thumbnailUrl\":\"https:\/\/www.eriksroed.com\/cms\/wp-content\/uploads\/2014\/07\/TorePortrait.jpg\",\"datePublished\":\"2011-02-07T12:35:07+00:00\",\"dateModified\":\"2025-02-24T20:46:26+00:00\",\"breadcrumb\":{\"@id\":\"https:\/\/www.eriksroed.com\/de\/ueber-uns\/#breadcrumb\"},\"inLanguage\":\"de\",\"potentialAction\":[{\"@type\":\"ReadAction\",\"target\":[\"https:\/\/www.eriksroed.com\/de\/ueber-uns\/\"]}]},{\"@type\":\"ImageObject\",\"inLanguage\":\"de\",\"@id\":\"https:\/\/www.eriksroed.com\/de\/ueber-uns\/#primaryimage\",\"url\":\"https:\/\/www.eriksroed.com\/cms\/wp-content\/uploads\/2014\/07\/TorePortrait.jpg\",\"contentUrl\":\"https:\/\/www.eriksroed.com\/cms\/wp-content\/uploads\/2014\/07\/TorePortrait.jpg\",\"width\":709,\"height\":1063},{\"@type\":\"BreadcrumbList\",\"@id\":\"https:\/\/www.eriksroed.com\/de\/ueber-uns\/#breadcrumb\",\"itemListElement\":[{\"@type\":\"ListItem\",\"position\":1,\"name\":\"Home\",\"item\":\"https:\/\/www.eriksroed.com\/de\/\"},{\"@type\":\"ListItem\",\"position\":2,\"name\":\"\u00dcber Uns\"}]},{\"@type\":\"WebSite\",\"@id\":\"https:\/\/www.eriksroed.com\/#website\",\"url\":\"https:\/\/www.eriksroed.com\/\",\"name\":\"Eriksroed Consulting e.U.\",\"description\":\"Think straight, Talk straight\",\"potentialAction\":[{\"@type\":\"SearchAction\",\"target\":{\"@type\":\"EntryPoint\",\"urlTemplate\":\"https:\/\/www.eriksroed.com\/?s={search_term_string}\"},\"query-input\":{\"@type\":\"PropertyValueSpecification\",\"valueRequired\":true,\"valueName\":\"search_term_string\"}}],\"inLanguage\":\"de\"}]}<\/script>\n<!-- \/ Yoast SEO plugin. -->","yoast_head_json":{"title":"\u00dcber Uns | Eriksroed Consulting e.U.","robots":{"index":"index","follow":"follow","max-snippet":"max-snippet:-1","max-image-preview":"max-image-preview:large","max-video-preview":"max-video-preview:-1"},"canonical":"https:\/\/www.eriksroed.com\/de\/ueber-uns\/","og_locale":"de_DE","og_type":"article","og_title":"\u00dcber Uns | Eriksroed Consulting e.U.","og_url":"https:\/\/www.eriksroed.com\/de\/ueber-uns\/","og_site_name":"Eriksroed Consulting e.U.","article_modified_time":"2025-02-24T20:46:26+00:00","og_image":[{"width":709,"height":1063,"url":"https:\/\/www.eriksroed.com\/cms\/wp-content\/uploads\/2014\/07\/TorePortrait.jpg","type":"image\/jpeg"}],"twitter_card":"summary_large_image","twitter_misc":{"Gesch\u00e4tzte Lesezeit":"3\u00a0Minuten"},"schema":{"@context":"https:\/\/schema.org","@graph":[{"@type":"WebPage","@id":"https:\/\/www.eriksroed.com\/de\/ueber-uns\/","url":"https:\/\/www.eriksroed.com\/de\/ueber-uns\/","name":"\u00dcber Uns | Eriksroed Consulting e.U.","isPartOf":{"@id":"https:\/\/www.eriksroed.com\/#website"},"primaryImageOfPage":{"@id":"https:\/\/www.eriksroed.com\/de\/ueber-uns\/#primaryimage"},"image":{"@id":"https:\/\/www.eriksroed.com\/de\/ueber-uns\/#primaryimage"},"thumbnailUrl":"https:\/\/www.eriksroed.com\/cms\/wp-content\/uploads\/2014\/07\/TorePortrait.jpg","datePublished":"2011-02-07T12:35:07+00:00","dateModified":"2025-02-24T20:46:26+00:00","breadcrumb":{"@id":"https:\/\/www.eriksroed.com\/de\/ueber-uns\/#breadcrumb"},"inLanguage":"de","potentialAction":[{"@type":"ReadAction","target":["https:\/\/www.eriksroed.com\/de\/ueber-uns\/"]}]},{"@type":"ImageObject","inLanguage":"de","@id":"https:\/\/www.eriksroed.com\/de\/ueber-uns\/#primaryimage","url":"https:\/\/www.eriksroed.com\/cms\/wp-content\/uploads\/2014\/07\/TorePortrait.jpg","contentUrl":"https:\/\/www.eriksroed.com\/cms\/wp-content\/uploads\/2014\/07\/TorePortrait.jpg","width":709,"height":1063},{"@type":"BreadcrumbList","@id":"https:\/\/www.eriksroed.com\/de\/ueber-uns\/#breadcrumb","itemListElement":[{"@type":"ListItem","position":1,"name":"Home","item":"https:\/\/www.eriksroed.com\/de\/"},{"@type":"ListItem","position":2,"name":"\u00dcber Uns"}]},{"@type":"WebSite","@id":"https:\/\/www.eriksroed.com\/#website","url":"https:\/\/www.eriksroed.com\/","name":"Eriksroed Consulting e.U.","description":"Think straight, Talk straight","potentialAction":[{"@type":"SearchAction","target":{"@type":"EntryPoint","urlTemplate":"https:\/\/www.eriksroed.com\/?s={search_term_string}"},"query-input":{"@type":"PropertyValueSpecification","valueRequired":true,"valueName":"search_term_string"}}],"inLanguage":"de"}]}},"_links":{"self":[{"href":"https:\/\/www.eriksroed.com\/de\/wp-json\/wp\/v2\/pages\/13","targetHints":{"allow":["GET"]}}],"collection":[{"href":"https:\/\/www.eriksroed.com\/de\/wp-json\/wp\/v2\/pages"}],"about":[{"href":"https:\/\/www.eriksroed.com\/de\/wp-json\/wp\/v2\/types\/page"}],"author":[{"embeddable":true,"href":"https:\/\/www.eriksroed.com\/de\/wp-json\/wp\/v2\/users\/4"}],"replies":[{"embeddable":true,"href":"https:\/\/www.eriksroed.com\/de\/wp-json\/wp\/v2\/comments?post=13"}],"version-history":[{"count":6,"href":"https:\/\/www.eriksroed.com\/de\/wp-json\/wp\/v2\/pages\/13\/revisions"}],"predecessor-version":[{"id":115,"href":"https:\/\/www.eriksroed.com\/de\/wp-json\/wp\/v2\/pages\/13\/revisions\/115"}],"wp:featuredmedia":[{"embeddable":true,"href":"https:\/\/www.eriksroed.com\/de\/wp-json\/wp\/v2\/media\/157"}],"wp:attachment":[{"href":"https:\/\/www.eriksroed.com\/de\/wp-json\/wp\/v2\/media?parent=13"}],"curies":[{"name":"wp","href":"https:\/\/api.w.org\/{rel}","templated":true}]}}